{"id":416,"date":"2022-06-11T11:29:00","date_gmt":"2022-06-11T11:29:00","guid":{"rendered":"https:\/\/termehsoft.ir\/uber-uns\/"},"modified":"2022-06-11T11:29:00","modified_gmt":"2022-06-11T11:29:00","slug":"uber-uns","status":"publish","type":"page","link":"https:\/\/shninternational.com\/de\/uber-uns\/","title":{"rendered":"\u00dcber uns"},"content":{"rendered":"<div class=\"row\"  id=\"row-1876207320\">\n\n\t<div id=\"col-522384114\" class=\"col small-12 large-12\"  >\n\t\t\t\t<div class=\"col-inner\"  >\n\t\t\t\n\t\t\t\n\t<div class=\"img has-hover x md-x lg-x y md-y lg-y\" id=\"image_507222817\">\n\t\t\t\t\t\t\t\t<div class=\"img-inner image-cover dark\" style=\"padding-top:400px;\">\n\t\t\t<img width=\"1020\" height=\"680\" src=\"https:\/\/shninternational.com\/wp-content\/uploads\/2022\/06\/industrial-park-factory-building-warehouse-1024x683.jpg\" class=\"attachment-large size-large\" alt=\"\" loading=\"lazy\" srcset=\"https:\/\/shninternational.com\/wp-content\/uploads\/2022\/06\/industrial-park-factory-building-warehouse-1024x683.jpg 1024w, https:\/\/shninternational.com\/wp-content\/uploads\/2022\/06\/industrial-park-factory-building-warehouse-scaled-600x400.jpg 600w, https:\/\/shninternational.com\/wp-content\/uploads\/2022\/06\/industrial-park-factory-building-warehouse-300x200.jpg 300w, https:\/\/shninternational.com\/wp-content\/uploads\/2022\/06\/industrial-park-factory-building-warehouse-768x512.jpg 768w, https:\/\/shninternational.com\/wp-content\/uploads\/2022\/06\/industrial-park-factory-building-warehouse-1536x1025.jpg 1536w, https:\/\/shninternational.com\/wp-content\/uploads\/2022\/06\/industrial-park-factory-building-warehouse-2048x1366.jpg 2048w\" sizes=\"(max-width: 1020px) 100vw, 1020px\" \/>\t\t\t\t\t\t\n\t\t\t\t\t<\/div>\n\t\t\t\t\t\t\t\t\n<style>\n#image_507222817 {\n  width: 100%;\n}\n<\/style>\n\t<\/div>\n\t\n\t\t<\/div>\n\t\t\t\t\t<\/div>\n\n\t\n<\/div>\n<div class=\"row\"  id=\"row-843592506\">\n\n\t<div id=\"col-538822082\" class=\"col small-12 large-12\"  >\n\t\t\t\t<div class=\"col-inner\"  >\n\t\t\t\n\t\t\t\n<p>\u00dcber uns<\/p>\n<p>Die SHN International GmbH ist eine zuverl\u00e4ssige Firma im Bereich Handel von Rohsto\ufb00e, Maschinen und komplette Anlagen zur Herstellung von <br \/>S\u00fc\u00dfwaren und unterst\u00fctzt Firmen mit Rezepturentwicklung und Maschinenbescha\ufb00ung. Wir begleiten Sie mit unserer Erfahrung und Expertise bei der Realisierung Ihrer Ziele um das perfekte Produkt herzustellen. Wir stehen Ihnen von Anlagenbescha\ufb00ung A bis Z bis zur Rezepturentwicklung und Optimierung der Produktion zur Seite.<\/p>\n\t\t<\/div>\n\t\t\t\t\t<\/div>\n\n\t\n<\/div>\n","protected":false},"excerpt":{"rendered":"","protected":false},"author":2,"featured_media":0,"parent":0,"menu_order":0,"comment_status":"closed","ping_status":"closed","template":"","meta":[],"_links":{"self":[{"href":"https:\/\/shninternational.com\/de\/wp-json\/wp\/v2\/pages\/416"}],"collection":[{"href":"https:\/\/shninternational.com\/de\/wp-json\/wp\/v2\/pages"}],"about":[{"href":"https:\/\/shninternational.com\/de\/wp-json\/wp\/v2\/types\/page"}],"author":[{"embeddable":true,"href":"https:\/\/shninternational.com\/de\/wp-json\/wp\/v2\/users\/2"}],"replies":[{"embeddable":true,"href":"https:\/\/shninternational.com\/de\/wp-json\/wp\/v2\/comments?post=416"}],"version-history":[{"count":0,"href":"https:\/\/shninternational.com\/de\/wp-json\/wp\/v2\/pages\/416\/revisions"}],"wp:attachment":[{"href":"https:\/\/shninternational.com\/de\/wp-json\/wp\/v2\/media?parent=416"}],"curies":[{"name":"wp","href":"https:\/\/api.w.org\/{rel}","templated":true}]}}