{"id":419,"date":"2022-06-11T11:02:52","date_gmt":"2022-06-11T11:02:52","guid":{"rendered":"https:\/\/termehsoft.ir\/heim\/"},"modified":"2024-12-19T11:06:00","modified_gmt":"2024-12-19T11:06:00","slug":"startseite","status":"publish","type":"page","link":"https:\/\/shninternational.com\/de\/","title":{"rendered":"Startseite"},"content":{"rendered":"<div class=\"slider-wrapper relative\" id=\"slider-2043401765\" >\n    <div class=\"slider slider-nav-circle slider-nav-large slider-nav-light slider-style-normal\"\n        data-flickity-options='{\n            \"cellAlign\": \"center\",\n            \"imagesLoaded\": true,\n            \"lazyLoad\": 1,\n            \"freeScroll\": false,\n            \"wrapAround\": true,\n            \"autoPlay\": 6000,\n            \"pauseAutoPlayOnHover\" : true,\n            \"prevNextButtons\": true,\n            \"contain\" : true,\n            \"adaptiveHeight\" : true,\n            \"dragThreshold\" : 10,\n            \"percentPosition\": true,\n            \"pageDots\": true,\n            \"rightToLeft\": false,\n            \"draggable\": true,\n            \"selectedAttraction\": 0.1,\n            \"parallax\" : 0,\n            \"friction\": 0.6        }'\n        >\n        \n\n  <div class=\"banner has-hover\" id=\"banner-707719521\">\n          <div class=\"banner-inner fill\">\n        <div class=\"banner-bg fill\" >\n            <div class=\"bg fill bg-fill \"><\/div>\n                                    \n                    <\/div>\n\t\t\n        <div class=\"banner-layers container\">\n            <div class=\"fill banner-link\"><\/div>            \n   <div id=\"text-box-2006896511\" class=\"text-box banner-layer x50 md-x50 lg-x50 y50 md-y50 lg-y50 res-text\">\n                                <div class=\"text-box-content text dark\">\n              \n              <div class=\"text-inner text-center\">\n                  \n              <\/div>\n           <\/div>\n                            \n<style>\n#text-box-2006896511 {\n  width: 60%;\n}\n#text-box-2006896511 .text-box-content {\n  font-size: 100%;\n}\n<\/style>\n    <\/div>\n \n        <\/div>\n      <\/div>\n\n            \n<style>\n#banner-707719521 {\n  padding-top: 500px;\n}\n#banner-707719521 .bg.bg-loaded {\n  background-image: url(https:\/\/shninternational.com\/wp-content\/uploads\/2024\/05\/X3-2-1024x450.png);\n}\n#banner-707719521 .ux-shape-divider--top svg {\n  height: 150px;\n  --divider-top-width: 100%;\n}\n#banner-707719521 .ux-shape-divider--bottom svg {\n  height: 150px;\n  --divider-width: 100%;\n}\n<\/style>\n  <\/div>\n\n\n\n  <div class=\"banner has-hover\" id=\"banner-225247480\">\n          <div class=\"banner-inner fill\">\n        <div class=\"banner-bg fill\" >\n            <div class=\"bg fill bg-fill \"><\/div>\n                        <div class=\"overlay\"><\/div>            \n                    <\/div>\n\t\t\n        <div class=\"banner-layers container\">\n            <div class=\"fill banner-link\"><\/div>            \n        <\/div>\n      <\/div>\n\n            \n<style>\n#banner-225247480 {\n  padding-top: 600px;\n}\n#banner-225247480 .bg.bg-loaded {\n  background-image: url(https:\/\/shninternational.com\/wp-content\/uploads\/2024\/05\/X1.png);\n}\n#banner-225247480 .overlay {\n  background-color: rgba(0, 0, 0, 0.02);\n}\n#banner-225247480 .bg {\n  background-position: 58% 63%;\n}\n#banner-225247480 .ux-shape-divider--top svg {\n  height: 150px;\n  --divider-top-width: 100%;\n}\n#banner-225247480 .ux-shape-divider--bottom svg {\n  height: 150px;\n  --divider-width: 100%;\n}\n<\/style>\n  <\/div>\n\n\n\n  <div class=\"banner has-hover\" id=\"banner-1279336271\">\n          <div class=\"banner-inner fill\">\n        <div class=\"banner-bg fill\" >\n            <div class=\"bg fill bg-fill \"><\/div>\n                        <div class=\"overlay\"><\/div>            \n                    <\/div>\n\t\t\n        <div class=\"banner-layers container\">\n            <div class=\"fill banner-link\"><\/div>            \n        <\/div>\n      <\/div>\n\n            \n<style>\n#banner-1279336271 {\n  padding-top: 600px;\n}\n#banner-1279336271 .bg.bg-loaded {\n  background-image: url(https:\/\/shninternational.com\/wp-content\/uploads\/2024\/05\/X4-1024x676.png);\n}\n#banner-1279336271 .overlay {\n  background-color: rgba(0, 0, 0, 0.02);\n}\n#banner-1279336271 .bg {\n  background-position: 58% 63%;\n}\n#banner-1279336271 .ux-shape-divider--top svg {\n  height: 150px;\n  --divider-top-width: 100%;\n}\n#banner-1279336271 .ux-shape-divider--bottom svg {\n  height: 150px;\n  --divider-width: 100%;\n}\n<\/style>\n  <\/div>\n\n\n\n  <div class=\"banner has-hover\" id=\"banner-199593155\">\n          <div class=\"banner-inner fill\">\n        <div class=\"banner-bg fill\" >\n            <div class=\"bg fill bg-fill \"><\/div>\n                        <div class=\"overlay\"><\/div>            \n                    <\/div>\n\t\t\n        <div class=\"banner-layers container\">\n            <div class=\"fill banner-link\"><\/div>            \n        <\/div>\n      <\/div>\n\n            \n<style>\n#banner-199593155 {\n  padding-top: 600px;\n}\n#banner-199593155 .bg.bg-loaded {\n  background-image: url(https:\/\/shninternational.com\/wp-content\/uploads\/2024\/05\/X5.png);\n}\n#banner-199593155 .overlay {\n  background-color: rgba(0, 0, 0, 0.02);\n}\n#banner-199593155 .bg {\n  background-position: 58% 63%;\n}\n#banner-199593155 .ux-shape-divider--top svg {\n  height: 150px;\n  --divider-top-width: 100%;\n}\n#banner-199593155 .ux-shape-divider--bottom svg {\n  height: 150px;\n  --divider-width: 100%;\n}\n<\/style>\n  <\/div>\n\n\n\n  <div class=\"banner has-hover\" id=\"banner-838940858\">\n          <div class=\"banner-inner fill\">\n        <div class=\"banner-bg fill\" >\n            <div class=\"bg fill bg-fill \"><\/div>\n                        <div class=\"overlay\"><\/div>            \n                    <\/div>\n\t\t\n        <div class=\"banner-layers container\">\n            <div class=\"fill banner-link\"><\/div>            \n        <\/div>\n      <\/div>\n\n            \n<style>\n#banner-838940858 {\n  padding-top: 600px;\n}\n#banner-838940858 .bg.bg-loaded {\n  background-image: url(https:\/\/shninternational.com\/wp-content\/uploads\/2024\/05\/X7-1024x386.png);\n}\n#banner-838940858 .overlay {\n  background-color: rgba(0, 0, 0, 0.02);\n}\n#banner-838940858 .bg {\n  background-position: 58% 63%;\n}\n#banner-838940858 .ux-shape-divider--top svg {\n  height: 150px;\n  --divider-top-width: 100%;\n}\n#banner-838940858 .ux-shape-divider--bottom svg {\n  height: 150px;\n  --divider-width: 100%;\n}\n<\/style>\n  <\/div>\n\n\n\n  <div class=\"banner has-hover\" id=\"banner-81605454\">\n          <div class=\"banner-inner fill\">\n        <div class=\"banner-bg fill\" >\n            <div class=\"bg fill bg-fill \"><\/div>\n                        <div class=\"overlay\"><\/div>            \n                    <\/div>\n\t\t\n        <div class=\"banner-layers container\">\n            <div class=\"fill banner-link\"><\/div>            \n        <\/div>\n      <\/div>\n\n            \n<style>\n#banner-81605454 {\n  padding-top: 600px;\n}\n#banner-81605454 .bg.bg-loaded {\n  background-image: url(https:\/\/shninternational.com\/wp-content\/uploads\/2024\/05\/Bildschirmfoto-2024-05-08-um-11.20.03.png);\n}\n#banner-81605454 .overlay {\n  background-color: rgba(0, 0, 0, 0.02);\n}\n#banner-81605454 .bg {\n  background-position: 58% 63%;\n}\n#banner-81605454 .ux-shape-divider--top svg {\n  height: 150px;\n  --divider-top-width: 100%;\n}\n#banner-81605454 .ux-shape-divider--bottom svg {\n  height: 150px;\n  --divider-width: 100%;\n}\n<\/style>\n  <\/div>\n\n\n\n  <div class=\"banner has-hover\" id=\"banner-1396459509\">\n          <div class=\"banner-inner fill\">\n        <div class=\"banner-bg fill\" >\n            <div class=\"bg fill bg-fill \"><\/div>\n                        <div class=\"overlay\"><\/div>            \n                    <\/div>\n\t\t\n        <div class=\"banner-layers container\">\n            <div class=\"fill banner-link\"><\/div>            \n        <\/div>\n      <\/div>\n\n            \n<style>\n#banner-1396459509 {\n  padding-top: 600px;\n}\n#banner-1396459509 .bg.bg-loaded {\n  background-image: url(https:\/\/shninternational.com\/wp-content\/uploads\/2022\/10\/Bildschirmfoto-2022-10-12-um-11.50.56.jpg);\n}\n#banner-1396459509 .overlay {\n  background-color: rgba(0, 0, 0, 0.02);\n}\n#banner-1396459509 .bg {\n  background-position: 58% 63%;\n}\n#banner-1396459509 .ux-shape-divider--top svg {\n  height: 150px;\n  --divider-top-width: 100%;\n}\n#banner-1396459509 .ux-shape-divider--bottom svg {\n  height: 150px;\n  --divider-width: 100%;\n}\n<\/style>\n  <\/div>\n\n\n     <\/div>\n\n     <div class=\"loading-spin dark large centered\"><\/div>\n\n     \t<\/div>\n\n\n<div class=\"row\"  id=\"row-1250749478\">\n\n\t<div id=\"col-1345537869\" class=\"col small-12 large-12\"  >\n\t\t\t\t<div class=\"col-inner\"  >\n\t\t\t\n\t\t\t\n\n  <div class=\"banner has-hover\" id=\"banner-566554127\">\n          <div class=\"banner-inner fill\">\n        <div class=\"banner-bg fill\" >\n            <div class=\"bg fill bg-fill \"><\/div>\n                        <div class=\"overlay\"><\/div>            \n                    <\/div>\n\t\t\n        <div class=\"banner-layers container\">\n            <div class=\"fill banner-link\"><\/div>            \n\t<div class=\"img has-hover x95 md-x95 lg-x95 y50 md-y50 lg-y50\" id=\"image_2021966095\">\n\t\t\t\t\t\t\t\t<div class=\"img-inner box-shadow-3 box-shadow-4-hover dark\" style=\"margin:0px 0px 0px 0px;\">\n\t\t\t<img width=\"2860\" height=\"2156\" src=\"https:\/\/shninternational.com\/wp-content\/uploads\/2024\/05\/X8.png\" class=\"attachment-original size-original\" alt=\"\" loading=\"lazy\" srcset=\"https:\/\/shninternational.com\/wp-content\/uploads\/2024\/05\/X8.png 2860w, https:\/\/shninternational.com\/wp-content\/uploads\/2024\/05\/X8-300x226.png 300w, https:\/\/shninternational.com\/wp-content\/uploads\/2024\/05\/X8-1024x772.png 1024w, https:\/\/shninternational.com\/wp-content\/uploads\/2024\/05\/X8-768x579.png 768w, https:\/\/shninternational.com\/wp-content\/uploads\/2024\/05\/X8-1536x1158.png 1536w, https:\/\/shninternational.com\/wp-content\/uploads\/2024\/05\/X8-2048x1544.png 2048w, https:\/\/shninternational.com\/wp-content\/uploads\/2024\/05\/X8-600x452.png 600w\" sizes=\"(max-width: 2860px) 100vw, 2860px\" \/>\t\t\t\t\t\t\n\t\t\t\t\t<\/div>\n\t\t\t\t\t\t\t\t\n<style>\n#image_2021966095 {\n  width: 48%;\n}\n<\/style>\n\t<\/div>\n\t\n   <div id=\"text-box-137596297\" class=\"text-box banner-layer x5 md-x5 lg-x5 y50 md-y50 lg-y50 res-text\">\n                                <div class=\"text-box-content text box-shadow-3 dark\">\n              \n              <div class=\"text-inner text-center\">\n                  \n\t<div id=\"text-2275915491\" class=\"text\">\n\t\t\n<h3><strong><span style=\"font-size: 100%; color: #282828;\">Willkommen <\/span><\/strong><strong><span style=\"font-size: 100%; color: #282828;\">bei<\/span><\/strong><\/h3>\n<h3><strong><span style=\"font-size: 100%; color: #282828;\">\u00a0SHN International!<\/span><\/strong><\/h3>\n<p><span style=\"color: #000000; font-size: 85%;\">Wir freuen uns Sie auf unsere Webseite begr\u00fc\u00dfen zu d\u00fcrfen und bedanken uns f\u00fcr Ihre Interesse. F\u00fcr weitere Fragen und Informationen stehen wir Ihnen jederzeit zur Verf\u00fcgung.<\/span><\/p>\n\t\t\n<style>\n#text-2275915491 {\n  color: rgb(255, 255, 255);\n}\n#text-2275915491 > * {\n  color: rgb(255, 255, 255);\n}\n<\/style>\n\t<\/div>\n\t\n<a rel=\"noopener noreferrer\" href=\"http:\/\/shninternational.com\/de\/uber-uns\/\" target=\"_blank\" class=\"button primary lowercase\"  >\n    <span>Weiterlesen<\/span>\n  <i class=\"icon-angle-right\" ><\/i><\/a>\n\n              <\/div>\n           <\/div>\n                            \n<style>\n#text-box-137596297 .text-box-content {\n  background-color: rgb(215, 179, 105);\n  font-size: 100%;\n}\n#text-box-137596297 .text-inner {\n  padding: 30px 30px 30px 30px;\n}\n#text-box-137596297 {\n  width: 60%;\n}\n@media (min-width:550px) {\n  #text-box-137596297 {\n    width: 40%;\n  }\n}\n<\/style>\n    <\/div>\n \n        <\/div>\n      <\/div>\n\n            \n<style>\n#banner-566554127 {\n  padding-top: 500px;\n}\n#banner-566554127 .overlay {\n  background-color: rgba(0, 0, 0, 0.2);\n}\n#banner-566554127 .ux-shape-divider--top svg {\n  height: 150px;\n  --divider-top-width: 100%;\n}\n#banner-566554127 .ux-shape-divider--bottom svg {\n  height: 150px;\n  --divider-width: 100%;\n}\n<\/style>\n  <\/div>\n\n\n\t\t<\/div>\n\t\t\t\t\t<\/div>\n\n\t\n<\/div>\n<div class=\"container section-title-container\" ><h3 class=\"section-title section-title-bold\"><b><\/b><span class=\"section-title-main\" ><i class=\"icon-angle-right\" ><\/i>Produktgruppierung<\/span><b><\/b><\/h3><\/div>\n<div class=\"row\"  id=\"row-1048125979\">\n\n\t<div id=\"col-26655478\" class=\"col small-12 large-12\"  >\n\t\t\t\t<div class=\"col-inner\"  >\n\t\t\t\n\t\t\t\n  <div class=\"banner-grid-wrapper\">\n  <div id=\"banner-grid-1099679067\" class=\"banner-grid row row-grid row-small\" data-packery-options=\"\">\n                      \n<div class=\"col grid-col large-6 grid-col-2-3\" ><div class=\"col-inner\">\n\n  <div class=\"banner has-hover bg-zoom\" id=\"banner-2133037407\">\n          <div class=\"banner-inner fill\">\n        <div class=\"banner-bg fill\" >\n            <div class=\"bg fill bg-fill \"><\/div>\n                                    \n                    <\/div>\n\t\t\n        <div class=\"banner-layers container\">\n            <div class=\"fill banner-link\"><\/div>            \n   <div id=\"text-box-1733743152\" class=\"text-box banner-layer x90 md-x90 lg-x90 y90 md-y90 lg-y90 res-text\">\n                                <div class=\"text-box-content text dark\">\n              \n              <div class=\"text-inner text-center\">\n                  \n<a rel=\"noopener noreferrer\" class=\"button primary is-xlarge lowercase\"  >\n    <span>Brotanlagen<\/span>\n  <\/a>\n\n              <\/div>\n           <\/div>\n                            \n<style>\n#text-box-1733743152 {\n  width: 60%;\n}\n#text-box-1733743152 .text-box-content {\n  font-size: 100%;\n}\n@media (min-width:550px) {\n  #text-box-1733743152 {\n    width: 40%;\n  }\n}\n<\/style>\n    <\/div>\n \n        <\/div>\n      <\/div>\n\n            \n<style>\n#banner-2133037407 {\n  padding-top: 500px;\n}\n#banner-2133037407 .bg.bg-loaded {\n  background-image: url(https:\/\/shninternational.com\/wp-content\/uploads\/2024\/05\/Bildschirmfoto-2024-05-08-um-11.20.03.png);\n}\n#banner-2133037407 .ux-shape-divider--top svg {\n  height: 150px;\n  --divider-top-width: 100%;\n}\n#banner-2133037407 .ux-shape-divider--bottom svg {\n  height: 150px;\n  --divider-width: 100%;\n}\n<\/style>\n  <\/div>\n\n\n<\/div><\/div>\n<div class=\"col grid-col large-6 grid-col-1-2\" ><div class=\"col-inner\">\n\n  <div class=\"banner has-hover bg-zoom\" id=\"banner-1742975977\">\n          <div class=\"banner-inner fill\">\n        <div class=\"banner-bg fill\" >\n            <div class=\"bg fill bg-fill \"><\/div>\n                                    \n                    <\/div>\n\t\t\n        <div class=\"banner-layers container\">\n            <div class=\"fill banner-link\"><\/div>            \n   <div id=\"text-box-1726478936\" class=\"text-box banner-layer x10 md-x10 lg-x10 y50 md-y50 lg-y50 res-text\">\n                                <div class=\"text-box-content text dark\">\n              \n              <div class=\"text-inner text-center\">\n                  \n<a rel=\"noopener noreferrer\" class=\"button primary is-xlarge lowercase\"  >\n    <span>Molkereianlagen<\/span>\n  <\/a>\n\n              <\/div>\n           <\/div>\n                            \n<style>\n#text-box-1726478936 {\n  width: 60%;\n}\n#text-box-1726478936 .text-box-content {\n  font-size: 100%;\n}\n@media (min-width:550px) {\n  #text-box-1726478936 {\n    width: 40%;\n  }\n}\n<\/style>\n    <\/div>\n \n        <\/div>\n      <\/div>\n\n            \n<style>\n#banner-1742975977 {\n  padding-top: 500px;\n}\n#banner-1742975977 .bg.bg-loaded {\n  background-image: url(https:\/\/shninternational.com\/wp-content\/uploads\/2022\/06\/dairy-products-123rf.jpg);\n}\n#banner-1742975977 .ux-shape-divider--top svg {\n  height: 150px;\n  --divider-top-width: 100%;\n}\n#banner-1742975977 .ux-shape-divider--bottom svg {\n  height: 150px;\n  --divider-width: 100%;\n}\n<\/style>\n  <\/div>\n\n\n<\/div><\/div>\n<div class=\"col grid-col large-3 grid-col-1-2\" ><div class=\"col-inner\">\n\n  <div class=\"banner has-hover bg-zoom\" id=\"banner-2028145095\">\n          <div class=\"banner-inner fill\">\n        <div class=\"banner-bg fill\" >\n            <div class=\"bg fill bg-fill \"><\/div>\n                                    \n                    <\/div>\n\t\t\n        <div class=\"banner-layers container\">\n            <div class=\"fill banner-link\"><\/div>            \n   <div id=\"text-box-577742906\" class=\"text-box banner-layer x5 md-x5 lg-x5 y50 md-y50 lg-y50 res-text\">\n                                <div class=\"text-box-content text dark\">\n              \n              <div class=\"text-inner text-center\">\n                  \n<a rel=\"noopener noreferrer\" class=\"button primary is-xlarge lowercase\"  style=\"padding:0px 0px 0px 0px;\">\n    <span>Wa\ufb00el Produktionsanlagen<\/span>\n  <\/a>\n\n              <\/div>\n           <\/div>\n                            \n<style>\n#text-box-577742906 {\n  width: 60%;\n}\n#text-box-577742906 .text-box-content {\n  font-size: 100%;\n}\n@media (min-width:550px) {\n  #text-box-577742906 {\n    width: 40%;\n  }\n}\n<\/style>\n    <\/div>\n \n        <\/div>\n      <\/div>\n\n            \n<style>\n#banner-2028145095 {\n  padding-top: 500px;\n}\n#banner-2028145095 .bg.bg-loaded {\n  background-image: url(https:\/\/shninternational.com\/wp-content\/uploads\/2022\/06\/wafer-production-line-equipment.jpg);\n}\n#banner-2028145095 .ux-shape-divider--top svg {\n  height: 150px;\n  --divider-top-width: 100%;\n}\n#banner-2028145095 .ux-shape-divider--bottom svg {\n  height: 150px;\n  --divider-width: 100%;\n}\n<\/style>\n  <\/div>\n\n\n<\/div><\/div>\n<div class=\"col grid-col large-3 grid-col-1-2\" ><div class=\"col-inner\">\n\n  <div class=\"banner has-hover bg-zoom\" id=\"banner-951432550\">\n          <div class=\"banner-inner fill\">\n        <div class=\"banner-bg fill\" >\n            <div class=\"bg fill bg-fill \"><\/div>\n                                    \n                    <\/div>\n\t\t\n        <div class=\"banner-layers container\">\n            <div class=\"fill banner-link\"><\/div>            \n   <div id=\"text-box-663864181\" class=\"text-box banner-layer x10 md-x10 lg-x10 y50 md-y50 lg-y50 res-text\">\n                                <div class=\"text-box-content text dark\">\n              \n              <div class=\"text-inner text-center\">\n                  \n<a rel=\"noopener noreferrer\" class=\"button primary is-xlarge lowercase expand\"  >\n    <span>Eiscreme Produktionsanlagen<\/span>\n  <\/a>\n\n              <\/div>\n           <\/div>\n                            \n<style>\n#text-box-663864181 {\n  width: 60%;\n}\n#text-box-663864181 .text-box-content {\n  font-size: 100%;\n}\n@media (min-width:550px) {\n  #text-box-663864181 {\n    width: 40%;\n  }\n}\n<\/style>\n    <\/div>\n \n        <\/div>\n      <\/div>\n\n            \n<style>\n#banner-951432550 {\n  padding-top: 500px;\n}\n#banner-951432550 .bg.bg-loaded {\n  background-image: url(https:\/\/shninternational.com\/wp-content\/uploads\/2022\/06\/\u0637\u0631\u0632-\u062a\u0647\u06cc\u0647-\u0628\u0633\u062a\u0646\u06cc-\u0645\u06af\u0646\u0648\u0645-\u062f\u0631-\u062e\u0627\u0646\u0647.jpg);\n}\n#banner-951432550 .ux-shape-divider--top svg {\n  height: 150px;\n  --divider-top-width: 100%;\n}\n#banner-951432550 .ux-shape-divider--bottom svg {\n  height: 150px;\n  --divider-width: 100%;\n}\n<\/style>\n  <\/div>\n\n\n<\/div><\/div>\n<div class=\"col grid-col large-6 grid-col-1-3\" ><div class=\"col-inner\">\n\n  <div class=\"banner has-hover bg-zoom\" id=\"banner-1687183030\">\n          <div class=\"banner-inner fill\">\n        <div class=\"banner-bg fill\" >\n            <div class=\"bg fill bg-fill \"><\/div>\n                                    \n                    <\/div>\n\t\t\n        <div class=\"banner-layers container\">\n            <div class=\"fill banner-link\"><\/div>            \n   <div id=\"text-box-1326220529\" class=\"text-box banner-layer x95 md-x95 lg-x95 y95 md-y95 lg-y95 res-text\">\n                                <div class=\"text-box-content text dark\">\n              \n              <div class=\"text-inner text-center\">\n                  \n<a rel=\"noopener noreferrer\" class=\"button primary is-xlarge lowercase\"  >\n    <span>Schokoladenanlagen<\/span>\n  <\/a>\n\n              <\/div>\n           <\/div>\n                            \n<style>\n#text-box-1326220529 {\n  width: 60%;\n}\n#text-box-1326220529 .text-box-content {\n  font-size: 100%;\n}\n@media (min-width:550px) {\n  #text-box-1326220529 {\n    width: 40%;\n  }\n}\n<\/style>\n    <\/div>\n \n        <\/div>\n      <\/div>\n\n            \n<style>\n#banner-1687183030 {\n  padding-top: 500px;\n}\n#banner-1687183030 .bg.bg-loaded {\n  background-image: url(https:\/\/shninternational.com\/wp-content\/uploads\/2024\/05\/X5.png);\n}\n#banner-1687183030 .ux-shape-divider--top svg {\n  height: 150px;\n  --divider-top-width: 100%;\n}\n#banner-1687183030 .ux-shape-divider--bottom svg {\n  height: 150px;\n  --divider-width: 100%;\n}\n<\/style>\n  <\/div>\n\n\n<\/div><\/div>\n            <\/div>\n    <style>\n    #banner-grid-1099679067 .grid-col-1{height: 600px}\n    #banner-grid-1099679067 .grid-col-1-2{height: 300px}\n    #banner-grid-1099679067 .grid-col-1-3{height:200px}\n    #banner-grid-1099679067 .grid-col-2-3{height: 400px}\n    #banner-grid-1099679067 .grid-col-1-4{height: 150px}\n    #banner-grid-1099679067 .grid-col-3-4{height: 450px}\n\n\n    \n    \n\n  <\/style>\n    <\/div>\n  \n\t\t<\/div>\n\t\t\t\t\t<\/div>\n\n\t\n<\/div>\n<div class=\"container section-title-container\" ><h3 class=\"section-title section-title-bold\"><b><\/b><span class=\"section-title-main\" style=\"font-size:undefined%;\"><i class=\"icon-angle-right\" ><\/i>Bestseller Produkte<\/span><b><\/b><\/h3><\/div>\n\n  \n    <div class=\"row large-columns-4 medium-columns-3 small-columns-2 row-small slider row-slider slider-nav-circle slider-nav-push\"  data-flickity-options='{\"imagesLoaded\": true, \"groupCells\": \"100%\", \"dragThreshold\" : 5, \"cellAlign\": \"left\",\"wrapAround\": true,\"prevNextButtons\": true,\"percentPosition\": true,\"pageDots\": false, \"rightToLeft\": false, \"autoPlay\" : false}'>\n\n  \t<\/div>\n<div class=\"row\"  id=\"row-917175858\">\n\n\t<div id=\"col-215020753\" class=\"col small-12 large-12\"  >\n\t\t\t\t<div class=\"col-inner\"  >\n\t\t\t\n\t\t\t\n<div class=\"message-box relative dark\" style=\"padding-top:15px;padding-bottom:15px;\"><div class=\"message-box-bg-image bg-fill fill\" ><\/div><div class=\"message-box-bg-overlay bg-fill fill\" style=\"background-color:rgb(51, 51, 51);\"><\/div><div class=\"container relative\"><div class=\"inner last-reset\">\n<div class=\"row align-middle align-center\"  id=\"row-48848037\">\n\n\t<div id=\"col-1412451978\" class=\"col medium-6 small-12 large-6\"  >\n\t\t\t\t<div class=\"col-inner\"  >\n\t\t\t\n\t\t\t\n\t<div id=\"text-1047753317\" class=\"text\">\n\t\t\n<p>Sie haben das Produkt was Sie suchen nicht gefunden?<\/p>\n\t\t\n<style>\n#text-1047753317 {\n  line-height: 1.85;\n}\n<\/style>\n\t<\/div>\n\t\n\t\t<\/div>\n\t\t\t\t\t<\/div>\n\n\t\n\n\t<div id=\"col-1096261895\" class=\"col medium-6 small-12 large-6\"  >\n\t\t\t\t<div class=\"col-inner text-center\"  >\n\t\t\t\n\t\t\t\n<a data-animate=\"flipInY\" href=\"mailto:info@shninternational.com\" target=\"_self\" class=\"button white is-outline is-large lowercase expand\"  style=\"padding:0px 0px 0px 23px;\">\n    <span>info@shninternational.com<\/span>\n  <\/a>\n\n\t\t<\/div>\n\t\t\t\t\t<\/div>\n\n\t\n<\/div>\n<\/div><\/div><\/div>\n\t\t<\/div>\n\t\t\t\t\t<\/div>\n\n\t\n<\/div>\n","protected":false},"excerpt":{"rendered":"","protected":false},"author":2,"featured_media":0,"parent":0,"menu_order":0,"comment_status":"closed","ping_status":"open","template":"page-blank.php","meta":[],"_links":{"self":[{"href":"https:\/\/shninternational.com\/de\/wp-json\/wp\/v2\/pages\/419"}],"collection":[{"href":"https:\/\/shninternational.com\/de\/wp-json\/wp\/v2\/pages"}],"about":[{"href":"https:\/\/shninternational.com\/de\/wp-json\/wp\/v2\/types\/page"}],"author":[{"embeddable":true,"href":"https:\/\/shninternational.com\/de\/wp-json\/wp\/v2\/users\/2"}],"replies":[{"embeddable":true,"href":"https:\/\/shninternational.com\/de\/wp-json\/wp\/v2\/comments?post=419"}],"version-history":[{"count":24,"href":"https:\/\/shninternational.com\/de\/wp-json\/wp\/v2\/pages\/419\/revisions"}],"predecessor-version":[{"id":1137,"href":"https:\/\/shninternational.com\/de\/wp-json\/wp\/v2\/pages\/419\/revisions\/1137"}],"wp:attachment":[{"href":"https:\/\/shninternational.com\/de\/wp-json\/wp\/v2\/media?parent=419"}],"curies":[{"name":"wp","href":"https:\/\/api.w.org\/{rel}","templated":true}]}}